{"id":14,"date":"2024-06-15T20:35:29","date_gmt":"2024-06-15T20:35:29","guid":{"rendered":"https:\/\/forensictic.co\/web\/?page_id=14"},"modified":"2024-06-22T22:42:38","modified_gmt":"2024-06-22T22:42:38","slug":"main-page","status":"publish","type":"page","link":"https:\/\/forensictic.co\/web\/","title":{"rendered":"Inicio"},"content":{"rendered":"\t\t<div data-elementor-type=\"wp-page\" data-elementor-id=\"14\" class=\"elementor elementor-14\" data-elementor-post-type=\"page\">\n\t\t\t\t<div class=\"elementor-element elementor-element-bcdcd00 e-flex e-con-boxed e-con e-parent\" data-id=\"bcdcd00\" data-element_type=\"container\" data-settings=\"{&quot;background_background&quot;:&quot;video&quot;,&quot;background_video_link&quot;:&quot;https:\\\/\\\/youtu.be\\\/bvtK3MTXrkc&quot;,&quot;background_play_on_mobile&quot;:&quot;yes&quot;}\">\n\t\t\t\t\t<div class=\"e-con-inner\">\n\t\t<div class=\"elementor-background-video-container\">\n\t\t\t\t\t\t\t<div class=\"elementor-background-video-embed\"><\/div>\n\t\t\t\t\t\t<\/div>\t\t<div class=\"elementor-element elementor-element-3a89ff8 elementor-widget elementor-widget-text-editor\" data-id=\"3a89ff8\" data-element_type=\"widget\" data-widget_type=\"text-editor.default\">\n\t\t\t\t<div class=\"elementor-widget-container\">\n\t\t\t<style>\/*! elementor - v3.21.0 - 26-05-2024 *\/\n.elementor-widget-text-editor.elementor-drop-cap-view-stacked .elementor-drop-cap{background-color:#69727d;color:#fff}.elementor-widget-text-editor.elementor-drop-cap-view-framed .elementor-drop-cap{color:#69727d;border:3px solid;background-color:transparent}.elementor-widget-text-editor:not(.elementor-drop-cap-view-default) .elementor-drop-cap{margin-top:8px}.elementor-widget-text-editor:not(.elementor-drop-cap-view-default) .elementor-drop-cap-letter{width:1em;height:1em}.elementor-widget-text-editor .elementor-drop-cap{float:left;text-align:center;line-height:1;font-size:50px}.elementor-widget-text-editor .elementor-drop-cap-letter{display:inline-block}<\/style>\t\t\t\t<p>Somos una empresa l\u00edder en la regi\u00f3n Norte Santandereana que ofrece servicios de asesor\u00eda, consultor\u00eda y apoyo t\u00e9cnico legal para garantizar la protecci\u00f3n de datos, la seguridad inform\u00e1tica, el derecho inform\u00e1tico, ayudamos a prevenir, detectar e investigar el fraude inform\u00e1tico. <br \/>Implementamos estrategias eficaces que permitan proteger la informaci\u00f3n de nuestros clientes, contamos con la experiencia de un personal altamente capacitado en materia de prevenci\u00f3n del fraude inform\u00e1tico, gesti\u00f3n de la seguridad inform\u00e1tica y hacking \u00e9tico.<\/p>\t\t\t\t\t\t<\/div>\n\t\t\t\t<\/div>\n\t\t\t\t\t<\/div>\n\t\t\t\t<\/div>\n\t\t<div class=\"elementor-element elementor-element-58d6064 e-flex e-con-boxed e-con e-parent\" data-id=\"58d6064\" data-element_type=\"container\">\n\t\t\t\t\t<div class=\"e-con-inner\">\n\t\t\t\t<div class=\"elementor-element elementor-element-51e8bdc elementor-widget elementor-widget-heading\" data-id=\"51e8bdc\" data-element_type=\"widget\" data-widget_type=\"heading.default\">\n\t\t\t\t<div class=\"elementor-widget-container\">\n\t\t\t<style>\/*! elementor - v3.21.0 - 26-05-2024 *\/\n.elementor-heading-title{padding:0;margin:0;line-height:1}.elementor-widget-heading .elementor-heading-title[class*=elementor-size-]>a{color:inherit;font-size:inherit;line-height:inherit}.elementor-widget-heading .elementor-heading-title.elementor-size-small{font-size:15px}.elementor-widget-heading .elementor-heading-title.elementor-size-medium{font-size:19px}.elementor-widget-heading .elementor-heading-title.elementor-size-large{font-size:29px}.elementor-widget-heading .elementor-heading-title.elementor-size-xl{font-size:39px}.elementor-widget-heading .elementor-heading-title.elementor-size-xxl{font-size:59px}<\/style><h2 class=\"elementor-heading-title elementor-size-default\">Novedades<\/h2>\t\t<\/div>\n\t\t\t\t<\/div>\n\t\t\t\t\t<\/div>\n\t\t\t\t<\/div>\n\t\t<div class=\"elementor-element elementor-element-eab0b51 e-flex e-con-boxed e-con e-parent\" data-id=\"eab0b51\" data-element_type=\"container\">\n\t\t\t\t\t<div class=\"e-con-inner\">\n\t\t<div class=\"elementor-element elementor-element-8e931b3 e-con-full e-flex e-con e-child\" data-id=\"8e931b3\" data-element_type=\"container\">\n\t\t\t\t<div class=\"elementor-element elementor-element-5785aae elementor-headline--style-rotate elementor-widget elementor-widget-animated-headline\" data-id=\"5785aae\" data-element_type=\"widget\" data-settings=\"{&quot;headline_style&quot;:&quot;rotate&quot;,&quot;rotating_text&quot;:&quot;Seguridad Digital\\nDerecho Inform\\u00e1tico\\nInform\\u00e1tica Forense\\nBig Data&quot;,&quot;rotate_iteration_delay&quot;:1000,&quot;animation_type&quot;:&quot;typing&quot;,&quot;loop&quot;:&quot;yes&quot;}\" data-widget_type=\"animated-headline.default\">\n\t\t\t\t<div class=\"elementor-widget-container\">\n\t\t\t<link rel=\"stylesheet\" href=\"https:\/\/forensictic.co\/web\/wp-content\/plugins\/pro-elements\/assets\/css\/widget-animated-headline.min.css\">\t\t<h3 class=\"elementor-headline elementor-headline-animation-type-typing elementor-headline-letters\">\n\t\t\t\t\t<span class=\"elementor-headline-plain-text elementor-headline-text-wrapper\">Somos Expertos en <\/span>\n\t\t\t\t<span class=\"elementor-headline-dynamic-wrapper elementor-headline-text-wrapper\">\n\t\t\t\t\t<span class=\"elementor-headline-dynamic-text elementor-headline-text-active\">\n\t\t\t\tSeguridad&nbsp;Digital\t\t\t<\/span>\n\t\t\t\t\t<span class=\"elementor-headline-dynamic-text\">\n\t\t\t\tDerecho&nbsp;Inform\u00e1tico\t\t\t<\/span>\n\t\t\t\t\t<span class=\"elementor-headline-dynamic-text\">\n\t\t\t\tInform\u00e1tica&nbsp;Forense\t\t\t<\/span>\n\t\t\t\t\t<span class=\"elementor-headline-dynamic-text\">\n\t\t\t\tBig&nbsp;Data\t\t\t<\/span>\n\t\t\t\t\t\t<\/span>\n\t\t\t\t<\/h3>\n\t\t\t\t<\/div>\n\t\t\t\t<\/div>\n\t\t\t\t<\/div>\n\t\t<div class=\"elementor-element elementor-element-b59f5cc e-con-full e-flex e-con e-child\" data-id=\"b59f5cc\" data-element_type=\"container\">\n\t\t\t\t<div class=\"elementor-element elementor-element-0e2ec87 elementor-widget elementor-widget-image\" data-id=\"0e2ec87\" data-element_type=\"widget\" data-widget_type=\"image.default\">\n\t\t\t\t<div class=\"elementor-widget-container\">\n\t\t\t<style>\/*! elementor - v3.21.0 - 26-05-2024 *\/\n.elementor-widget-image{text-align:center}.elementor-widget-image a{display:inline-block}.elementor-widget-image a img[src$=\".svg\"]{width:48px}.elementor-widget-image img{vertical-align:middle;display:inline-block}<\/style>\t\t\t\t\t\t\t\t\t\t<img fetchpriority=\"high\" decoding=\"async\" width=\"1000\" height=\"1000\" src=\"https:\/\/forensictic.co\/web\/wp-content\/uploads\/2024\/06\/WhatsApp-Image-2024-06-11-at-5.17.17-PM.jpeg\" class=\"attachment-large size-large wp-image-290\" alt=\"\" srcset=\"https:\/\/forensictic.co\/web\/wp-content\/uploads\/2024\/06\/WhatsApp-Image-2024-06-11-at-5.17.17-PM.jpeg 1000w, https:\/\/forensictic.co\/web\/wp-content\/uploads\/2024\/06\/WhatsApp-Image-2024-06-11-at-5.17.17-PM-300x300.jpeg 300w, https:\/\/forensictic.co\/web\/wp-content\/uploads\/2024\/06\/WhatsApp-Image-2024-06-11-at-5.17.17-PM-150x150.jpeg 150w, https:\/\/forensictic.co\/web\/wp-content\/uploads\/2024\/06\/WhatsApp-Image-2024-06-11-at-5.17.17-PM-768x768.jpeg 768w\" sizes=\"(max-width: 1000px) 100vw, 1000px\" \/>\t\t\t\t\t\t\t\t\t\t\t\t\t<\/div>\n\t\t\t\t<\/div>\n\t\t\t\t<\/div>\n\t\t\t\t\t<\/div>\n\t\t\t\t<\/div>\n\t\t\t\t<\/div>\n\t\t","protected":false},"excerpt":{"rendered":"<p>Somos una empresa l\u00edder en la regi\u00f3n Norte Santandereana que ofrece servicios de asesor\u00eda, consultor\u00eda y apoyo t\u00e9cnico legal para garantizar la protecci\u00f3n de datos, la seguridad inform\u00e1tica, el derecho inform\u00e1tico, ayudamos a prevenir, detectar e investigar el fraude inform\u00e1tico. Implementamos estrategias eficaces que permitan proteger la informaci\u00f3n de nuestros clientes, contamos con la experiencia [&hellip;]<\/p>\n","protected":false},"author":1,"featured_media":0,"parent":0,"menu_order":0,"comment_status":"closed","ping_status":"closed","template":"","meta":{"footnotes":""},"class_list":["post-14","page","type-page","status-publish","hentry"],"blocksy_meta":[],"_links":{"self":[{"href":"https:\/\/forensictic.co\/web\/index.php\/wp-json\/wp\/v2\/pages\/14","targetHints":{"allow":["GET"]}}],"collection":[{"href":"https:\/\/forensictic.co\/web\/index.php\/wp-json\/wp\/v2\/pages"}],"about":[{"href":"https:\/\/forensictic.co\/web\/index.php\/wp-json\/wp\/v2\/types\/page"}],"author":[{"embeddable":true,"href":"https:\/\/forensictic.co\/web\/index.php\/wp-json\/wp\/v2\/users\/1"}],"replies":[{"embeddable":true,"href":"https:\/\/forensictic.co\/web\/index.php\/wp-json\/wp\/v2\/comments?post=14"}],"version-history":[{"count":28,"href":"https:\/\/forensictic.co\/web\/index.php\/wp-json\/wp\/v2\/pages\/14\/revisions"}],"predecessor-version":[{"id":458,"href":"https:\/\/forensictic.co\/web\/index.php\/wp-json\/wp\/v2\/pages\/14\/revisions\/458"}],"wp:attachment":[{"href":"https:\/\/forensictic.co\/web\/index.php\/wp-json\/wp\/v2\/media?parent=14"}],"curies":[{"name":"wp","href":"https:\/\/api.w.org\/{rel}","templated":true}]}}